{"id":7427,"date":"2014-04-27T08:51:54","date_gmt":"2014-04-27T06:51:54","guid":{"rendered":"http:\/\/ryttarutbildning.se\/?page_id=7427"},"modified":"2024-07-06T15:05:48","modified_gmt":"2024-07-06T13:05:48","slug":"s-r-hast-ryttarutbildning","status":"publish","type":"page","link":"https:\/\/ryttarutbildning.se\/","title":{"rendered":"S.R. H\u00e4st- och ryttarutbildning"},"content":{"rendered":"\n<p><mark style=\"background-color:rgba(0, 0, 0, 0)\" class=\"has-inline-color has-black-color\">&#8221;<em style=\"font-weight: bold;\">Min m\u00e5ls\u00e4ttning med min undervisning \u00e4r att ge eleverna en k\u00e4nsla f\u00f6r hur det ska k\u00e4nnas, och konkreta verktyg f\u00f6r att komma dit, s\u00e5 att du som elev blir sj\u00e4lvst\u00e4ndig som ryttare. Den st\u00f6rsta sporren (och utmaningen) som instrukt\u00f6r \u00e4r att ge eleverna aha-upplevelser som tar ridningen fram\u00e5t med en bredare f\u00f6rst\u00e5else, b\u00e5de teoretiskt och praktiskt.<\/em>&#8221;<\/mark><\/p>\n\n\n\n<blockquote class=\"wp-block-quote is-layout-flow wp-block-quote-is-layout-flow\">\n<figure class=\"wp-block-image size-full is-resized\"><img loading=\"lazy\" decoding=\"async\" width=\"898\" height=\"560\" src=\"https:\/\/media.ryttarutbildning.se\/2024\/03\/cropped-B-90.jpg\" alt=\"\" class=\"wp-image-24655\" style=\"width:990px;height:auto\" srcset=\"https:\/\/media.ryttarutbildning.se\/2024\/03\/cropped-B-90.jpg 898w, https:\/\/media.ryttarutbildning.se\/2024\/03\/cropped-B-90-300x187.jpg 300w, https:\/\/media.ryttarutbildning.se\/2024\/03\/cropped-B-90-768x479.jpg 768w, https:\/\/media.ryttarutbildning.se\/2024\/03\/cropped-B-90-481x300.jpg 481w\" sizes=\"auto, (max-width: 898px) 100vw, 898px\" \/><\/figure>\n<\/blockquote>\n\n\n<p>S.R. H\u00e4st och ryttarutbildning drivs av Suvi R\u00e4s\u00e4nen, utbildad hippolog \/ ridl\u00e4rare, C-tr\u00e4nare, samt MsvB-domare. Suvi har tidigare erfarenhet av arbete hos flera GP-ryttare, \u00e4ven utomlands, och t\u00e4vlar sj\u00e4lv aktivt med resultat upp i sv\u00e5r klass.<\/p>\n<p>H\u00e4r kan du rida dressyrlektioner utifr\u00e5n dina \u00f6nskem\u00e5l och ambitioner, antingen p\u00e5 v\u00e5ra v\u00e4lutbildade h\u00e4star, eller din egen.<\/p>\n<p>Min ambition \u00e4r att ta dig som elev \u201dett steg vidare\u201d. Du kan rida privatlektioner eller rida regelbundet i sm\u00e5 grupper (max 4 pers). Vi erbjuder \u00e4ven helgkurser f\u00f6r vuxna med eller utan \u00f6vernattning.<br \/>Du som ridskoleryttare kan h\u00e4r f\u00e5 chansen till mer individuell tr\u00e4ning av h\u00f6g kvalitet. Du som har haft h\u00e4st tidigare eller har funderingar p\u00e5 att k\u00f6pa \u2013 h\u00e4r finns ett alternativ som \u00e4r b\u00e5de mindre kostsamt och tidskr\u00e4vande.<\/p>\n<p><strong style=\"font-size: revert; color: initial;\">Observera att det kr\u00e4vs god ridvana, vilket inneb\u00e4r att du rider de flesta h\u00e4star i stadig form och rider LA-r\u00f6relser p\u00e5 tr\u00e4ning<\/strong><span style=\"font-size: revert; color: initial;\">. Du beh\u00f6ver inte vara \u201dproffs\u201d p\u00e5 n\u00e5got vis \u2013 det viktiga \u00e4r att du vill l\u00e4ra dig, men f\u00f6r att f\u00e5 ut n\u00e5got av undervisningen \u00e4r det viktigt att grunderna \u00e4r bef\u00e4sta. Detta ocks\u00e5 f\u00f6r att bibeh\u00e5lla en bra niv\u00e5 p\u00e5 h\u00e4starna. Om du \u00e4r os\u00e4ker p\u00e5 din niv\u00e5 \u2013 fr\u00e5ga s\u00e5 kan vi ordna en provlektion!<\/span><\/p>\n<p>Verksamheten drivs p\u00e5 egen g\u00e5rd i Markim, Vallentuna. H\u00e4r finns \u00e4ven m\u00f6jlighet till \u00f6vernattning i v\u00e5rt trevliga hus med anor fr\u00e5n 1700-talet.<\/p>\n<p><strong>V\u00e4lkommen att maila eller ringa f\u00f6r mer information!<\/strong><\/p>\n\n<div class=\"logged-out wp-block-loginout\"><a href=\"https:\/\/ryttarutbildning.se\/wp-login.php?redirect_to=https%3A%2F%2Fryttarutbildning.se%2Findex.php%3Frest_route%3D%252Fwp%252Fv2%252Fpages%252F7427\">Logga in<\/a><\/div>","protected":false},"excerpt":{"rendered":"<p>&#8221;Min m\u00e5ls\u00e4ttning med min undervisning \u00e4r att ge eleverna en k\u00e4nsla f\u00f6r hur det ska k\u00e4nnas, och konkreta verktyg f\u00f6r att komma dit, s\u00e5 att du som elev blir sj\u00e4lvst\u00e4ndig som ryttare. Den st\u00f6rsta sporren (och utmaningen) som instrukt\u00f6r \u00e4r att ge eleverna aha-upplevelser som tar ridningen fram\u00e5t med en bredare f\u00f6rst\u00e5else, b\u00e5de teoretiskt och [&hellip;]<\/p>\n","protected":false},"author":1,"featured_media":0,"parent":0,"menu_order":0,"comment_status":"closed","ping_status":"closed","template":"","meta":{"_exactmetrics_skip_tracking":false,"_exactmetrics_sitenote_active":false,"_exactmetrics_sitenote_note":"","_exactmetrics_sitenote_category":0,"footnotes":""},"class_list":["post-7427","page","type-page","status-publish","hentry"],"_links":{"self":[{"href":"https:\/\/ryttarutbildning.se\/index.php?rest_route=\/wp\/v2\/pages\/7427","targetHints":{"allow":["GET"]}}],"collection":[{"href":"https:\/\/ryttarutbildning.se\/index.php?rest_route=\/wp\/v2\/pages"}],"about":[{"href":"https:\/\/ryttarutbildning.se\/index.php?rest_route=\/wp\/v2\/types\/page"}],"author":[{"embeddable":true,"href":"https:\/\/ryttarutbildning.se\/index.php?rest_route=\/wp\/v2\/users\/1"}],"replies":[{"embeddable":true,"href":"https:\/\/ryttarutbildning.se\/index.php?rest_route=%2Fwp%2Fv2%2Fcomments&post=7427"}],"version-history":[{"count":0,"href":"https:\/\/ryttarutbildning.se\/index.php?rest_route=\/wp\/v2\/pages\/7427\/revisions"}],"wp:attachment":[{"href":"https:\/\/ryttarutbildning.se\/index.php?rest_route=%2Fwp%2Fv2%2Fmedia&parent=7427"}],"curies":[{"name":"wp","href":"https:\/\/api.w.org\/{rel}","templated":true}]}}