{"id":4435,"date":"2013-03-04T21:38:59","date_gmt":"2013-03-04T19:38:59","guid":{"rendered":"http:\/\/ryttarutbildning.se\/?page_id=4435"},"modified":"2025-07-20T13:10:22","modified_gmt":"2025-07-20T11:10:22","slug":"stall-wreta","status":"publish","type":"page","link":"https:\/\/ryttarutbildning.se\/?page_id=4435","title":{"rendered":"Uppstallning"},"content":{"rendered":"<div class=\"wp-block-image\">\n<figure class=\"aligncenter\"><a href=\"https:\/\/media.ryttarutbildning.se\/2013\/03\/DSC_7810.jpg\"><img decoding=\"async\" src=\"https:\/\/media.ryttarutbildning.se\/2013\/03\/DSC_7810-1024x561.jpg\" alt=\"\"\/><\/a><\/figure>\n<\/div>\n\n\n<p><\/p>\n\n\n\n<p><em><strong>Just nu har vi en stallplats ledig. Maila eller ring f\u00f6r en stallvisning!<\/strong><\/em><\/p>\n\n\n\n<h4 class=\"wp-block-heading\"><mark style=\"background-color:rgba(0, 0, 0, 0)\" class=\"has-inline-color has-black-color\">Stallplats <\/mark><\/h4>\n\n\n\n<p>H\u00e4r p\u00e5 Wreta g\u00e5rd har vi&nbsp;ett trevligt&nbsp;stall med 15 + 2 ljusa, stora boxar med varsitt f\u00f6nster samt mycket mark till hagar f\u00f6r vinter och sommarbruk (20 ha). Du kan v\u00e4lja att ha h\u00e4sten sj\u00e4lv eller i flock. Vi kan erbjuda god tillsyn av h\u00e4starna d\u00e5 stallet i normalfallet \u00e4r bemannat fr\u00e5n att det \u00f6ppnar p\u00e5 morgonen till dess att det l\u00e5ses och larmas p\u00e5 kv\u00e4llen.<\/p>\n\n\n\n<p>I stallet finns spolspilta med varmvatten, foderrum, uppv\u00e4rmd sadelkammare\/fikarum och tv\u00e4ttstuga\/torkrum. Varje inackordering disponerar ett l\u00e5sbart sk\u00e5p med plats f\u00f6r tv\u00e5 sadlar samt en hylla i foderrummet f\u00f6r f\u00f6rvaring av t\u00e4cken och annan utrustning.<\/p>\n\n\n\n<p>Ridhuset har m\u00e5tten 20*60 med ett underlag av sand och sp\u00e5n. D\u00e5 vi endast har 17 boxar s\u00e5 \u00e4r det s\u00e4llan tr\u00e4ngsel i ridhuset. Det finns ocks\u00e5 goda m\u00f6jligheter till uteritt.<\/p>\n\n\n\n<p>I stallhyran ing\u00e5r mockning m\u00e5n-fre, upp till tv\u00e5 str\u00f6balar\/vecka, 14 kg h\u00f6silage samt saltsten och mineraler. Fyra fodringar per dag. Ett t\u00e4cke p\u00e5 \u2013 ett t\u00e4cke av samt alla ut &#8211; och insl\u00e4pp. Inackorderingarna mockar sj\u00e4lv p\u00e5 helgen samt fodrar kv\u00e4ll ett pass\/m\u00e5nad. Kv\u00e4llsfodringen tar ca 5 minuter d\u00e5 allt foder redan \u00e4r f\u00f6rberett vid boxarna. Extra tj\u00e4nster som benspolning, ridning, longering eller promenader kan k\u00f6pas till. Dressyrinriktad tr\u00e4nare \/ dressyrdomare finns p\u00e5 g\u00e5rden.<\/p>\n\n\n\n<p>F\u00f6r dig som vill utvecklas tillsammans med din h\u00e4st finns det m\u00f6jlighet att g\u00f6ra ett uppl\u00e4gg med regelbunden ridning \/ tr\u00e4ningshj\u00e4lp. I m\u00e5n av plats tar jag \u00e4ven emot h\u00e4star i full tr\u00e4ning. Vi brukar \u00e4ven kunna ta emot h\u00e4star f\u00f6r kortare tid under sommaren d\u00e5 mina h\u00e4star g\u00e5r p\u00e5 bete &#8211; det g\u00e5r bra att l\u00e4mna h\u00e4sten h\u00e4r hos oss n\u00e4r du sj\u00e4lv \u00e5ker p\u00e5 semester om s\u00e5 \u00f6nskas. Beg\u00e4r prisuppgift f\u00f6r \u00f6nskat uppl\u00e4gg.<\/p>\n\n\n\n<p>Stallhyra inklusive full service, str\u00f6, h\u00f6silage (ej tr\u00e4ning) 7900 kr.<\/p>\n\n\n\n<h4 class=\"wp-block-heading\"><mark style=\"background-color:rgba(0, 0, 0, 0)\" class=\"has-inline-color has-black-color\">Ridhuset<\/mark><\/h4>\n\n\n\n<p>Den som \u00e4r inackorderad hos oss \u00e4r fri att disponera ridhuset n\u00e4r som helst, utom vid helgkurser. Det handlar d\u00e5 om tv\u00e5 ridpass med n\u00e5gra timmar mellan. F\u00f6re, efter och mellan kursens pass \u00e4r ridhuset sj\u00e4lvklart \u00f6ppet som vanligt, se s\u00e4rskilt&nbsp;<a href=\"https:\/\/ryttarutbildning.se\/?page_id=7508\">ridhusschema<\/a>. Kv\u00e4llstid under p\u00e5g\u00e5ende grupplektion (max 4 elever)&nbsp;g\u00e5r det bra att rida samtidigt s\u00e5 l\u00e4nge normal h\u00e4nsyn visas till lektionsryttarna.<\/p>\n\n\n\n<p>Priser g\u00e4ller fr\u00e5n 2025-01-01:<br>F\u00f6r dig som kommer fr\u00e5n annat stall g\u00e5r det ocks\u00e5 bra att rida h\u00e4r \u00f6vriga tider. Enstaka g\u00e5ng kostar 100 kr, ridhuskort kostar 600 kr per ekipage och m\u00e5nad, halv\u00e5rsvis 2500 kr. Du som har flera h\u00e4star har m\u00f6jlighet att g\u00f6ra ett s\u00e4rskilt avtal vid f\u00f6rfr\u00e5gan!<\/p>\n\n\n\n<p><\/p>\n","protected":false},"excerpt":{"rendered":"<p>Just nu har vi en stallplats ledig. Maila eller ring f\u00f6r en stallvisning! Stallplats H\u00e4r p\u00e5 Wreta g\u00e5rd har vi&nbsp;ett trevligt&nbsp;stall med 15 + 2 ljusa, stora boxar med varsitt f\u00f6nster samt mycket mark till hagar f\u00f6r vinter och sommarbruk (20 ha). Du kan v\u00e4lja att ha h\u00e4sten sj\u00e4lv eller i flock. Vi kan erbjuda [&hellip;]<\/p>\n","protected":false},"author":1,"featured_media":0,"parent":0,"menu_order":5,"comment_status":"closed","ping_status":"closed","template":"","meta":{"_exactmetrics_skip_tracking":false,"_exactmetrics_sitenote_active":false,"_exactmetrics_sitenote_note":"","_exactmetrics_sitenote_category":0,"footnotes":""},"class_list":["post-4435","page","type-page","status-publish","hentry"],"_links":{"self":[{"href":"https:\/\/ryttarutbildning.se\/index.php?rest_route=\/wp\/v2\/pages\/4435","targetHints":{"allow":["GET"]}}],"collection":[{"href":"https:\/\/ryttarutbildning.se\/index.php?rest_route=\/wp\/v2\/pages"}],"about":[{"href":"https:\/\/ryttarutbildning.se\/index.php?rest_route=\/wp\/v2\/types\/page"}],"author":[{"embeddable":true,"href":"https:\/\/ryttarutbildning.se\/index.php?rest_route=\/wp\/v2\/users\/1"}],"replies":[{"embeddable":true,"href":"https:\/\/ryttarutbildning.se\/index.php?rest_route=%2Fwp%2Fv2%2Fcomments&post=4435"}],"version-history":[{"count":0,"href":"https:\/\/ryttarutbildning.se\/index.php?rest_route=\/wp\/v2\/pages\/4435\/revisions"}],"wp:attachment":[{"href":"https:\/\/ryttarutbildning.se\/index.php?rest_route=%2Fwp%2Fv2%2Fmedia&parent=4435"}],"curies":[{"name":"wp","href":"https:\/\/api.w.org\/{rel}","templated":true}]}}