{"id":24679,"date":"2024-03-22T16:39:37","date_gmt":"2024-03-22T14:39:37","guid":{"rendered":"https:\/\/ryttarutbildning.se\/?page_id=24679"},"modified":"2026-01-10T18:59:03","modified_gmt":"2026-01-10T16:59:03","slug":"ridlektioner","status":"publish","type":"page","link":"https:\/\/ryttarutbildning.se\/?page_id=24679","title":{"rendered":"Ridlektioner"},"content":{"rendered":"\n<p><strong>Ridning erbjuds i grupp m\u00e5ndag, tisdag, torsdag och fredag.<\/strong><\/p>\n\n\n\n<p>Grupperna \u00e4r ej niv\u00e5indelade. F\u00f6r att rida i grupp kr\u00e4vs att du rider de flesta h\u00e4star i stadig form, samt rider LA-r\u00f6relser p\u00e5 tr\u00e4ning. Detta f\u00f6r att kunna h\u00e5lla en bra kvalitet p\u00e5 undervisningen samt h\u00e5lla h\u00e4starna p\u00e5 en viss niv\u00e5.<\/p>\n\n\n\n<p><mark style=\"background-color:rgba(0, 0, 0, 0)\" class=\"has-inline-color has-vivid-red-color\"><strong>V\u00e5rterminen 2026 b\u00f6rjar<\/strong><\/mark> <mark style=\"background-color:rgba(0, 0, 0, 0)\" class=\"has-inline-color has-vivid-red-color\"><strong>12 januari <\/strong><\/mark><br>Ett tillf\u00e4lle under terminen kommer v<mark style=\"background-color:rgba(0, 0, 0, 0)\" class=\"has-inline-color has-black-color\">i ha teori ist\u00e4llet f\u00f6<\/mark>r ridning. Om man avbokar detta tillf\u00e4lle kan det bytas mot teori i annan grupp, men det g\u00e5r inte att rida igen. Ett tillf\u00e4lle per termin fokuserar vi p\u00e5 sitstr\u00e4ning p\u00e5 lina.<\/p>\n\n\n\n<h4 class=\"wp-block-heading\"><mark style=\"background-color:rgba(0, 0, 0, 0)\" class=\"has-inline-color has-black-color\">Fasta lektioner i grupp<\/mark><\/h4>\n\n\n\n<p>Pris per lektion, fast plats en g\u00e5ng i veckan: 690 kr<\/p>\n\n\n\n<figure class=\"wp-block-table\"><table><tbody><tr><td>M\u00e5ndag<\/td><td>19.30-20.30<\/td><\/tr><tr><td>Tisdag<\/td><td>18.30-19.30<\/td><\/tr><tr><td>Tisdag<\/td><td>19.45-20.45<\/td><\/tr><tr><td>Torsdag<\/td><td>18.00-19.00<\/td><\/tr><tr><td>Torsdag<\/td><td>19.15-20.15<\/td><\/tr><tr><td>Fredag<\/td><td>10.00-11.00<\/td><\/tr><\/tbody><\/table><\/figure>\n\n\n\n<h4 class=\"wp-block-heading\"><mark style=\"background-color:rgba(0, 0, 0, 0)\" class=\"has-inline-color has-black-color\">\u00d6vriga lektioner<\/mark><\/h4>\n\n\n\n<figure class=\"wp-block-table\"><table><tbody><tr><td>Drop in, enstaka tillf\u00e4llen i grupp<\/td><td>800 kr<\/td><\/tr><tr><td>Privatlektion 1 person, enstaka tillf\u00e4lle<\/td><td>1100kr<\/td><\/tr><tr><td>Privatlektion 1 person, fast elev<\/td><td>900 kr<\/td><\/tr><tr><td>Sitstr\u00e4ning&nbsp; 30 min<\/td><td>650 kr<\/td><\/tr><\/tbody><\/table><\/figure>\n\n\n\n<p>Vid bokning och betalning av 5 privatlektioner avg\u00e5r 50 kr i rabatt per lektion.<br>Bokade \/ betalade pass ska ridas inom 6 m\u00e5nader fr\u00e5n bokningstillf\u00e4llet.<br>Om ni \u00e4r fler som vill boka privat \u2013 beg\u00e4r prisuppgift via mail.<\/p>\n\n\n\n<h4 class=\"wp-block-heading\"><mark style=\"background-color:rgba(0, 0, 0, 0)\" class=\"has-inline-color has-black-color\">Kurser och ridlektioner<\/mark><\/h4>\n\n\n\n<p>Pris varierar beroende p\u00e5 om ni vill rida enskilt eller i grupp, antal deltagare, samt om ni \u00f6nskar lunch \/ fika. Vi diskuterar gemensamt ett l\u00e4mpligt uppl\u00e4gg. Det finns \u00e4ven m\u00f6jlighet till teori vid f\u00f6rfr\u00e5gan.<\/p>\n\n\n\n<h4 class=\"wp-block-heading\"><mark style=\"background-color:rgba(0, 0, 0, 0)\" class=\"has-inline-color has-black-color\">Bokningsregler<\/mark><\/h4>\n\n\n\n<p>Gruppridning sker i grupp om max 4 personer. Du har en fast plats samma tid varje vecka. Provridning sker innan en plats kan bokas.<\/p>\n\n\n\n<p><strong>Terminsavgifter<\/strong><br>Betalning av ridning i grupp sker i f\u00f6rskott. Terminsavgiften faktureras och kan betalas p\u00e5 hel termin eller m\u00e5nadsvis. V\u00e4ljer du att betala m\u00e5nadsvis tillkommer en faktureringsavgift p\u00e5 35 kr per m\u00e5nad.<br><br><strong>Upps\u00e4gningstid<\/strong><br>Upps\u00e4gning av plats i grupp ska ske senast fyra veckor i f\u00f6rv\u00e4g. Upps\u00e4gningen ska vara skriftlig.<\/p>\n\n\n\n<p><strong>Avbokning<\/strong><br>Avbokning av ridlektion ska ske snarast, dock senast 12.00 samma dag f\u00f6r lektioner kv\u00e4llstid. Fm \u2013 och helglektioner avbokas senast 17.00 dagen innan. Avbokning kan endast g\u00f6ras via telefon (sms) \u2013 ej via mail! Ryttaren har r\u00e4tt att byta \/ s\u00e4lja lektion till annan ryttare med fast plats.<br><br><strong>Igenridning<\/strong><br>Igenridning av i god tid avbokade lektioner ska ske innan terminens slut. Igenridning sker i m\u00e5n av plats i en annan ordinarie grupp, ej drop in-pass. Det g\u00e5r bra att byta tider med andra ryttare som rider p\u00e5 fast plats.<\/p>\n\n\n\n<p>Om lektion m\u00e5ste st\u00e4llas in har deltagaren r\u00e4tt till kompensation i form av ridlektion eller \u00e5terbetalning av avgiften enligt elevens val.<\/p>\n\n\n\n<p><strong>Kurser och weekendl\u00e4ger<\/strong><br>Anm\u00e4lan till kurser och weekendl\u00e4ger \u00e4r bindande.<br>Kursavgiften faktureras&nbsp;vid bokningstillf\u00e4llet och ska betalas inom 10 dagar.<br>Vid sjukdom betalas 80% av kursavgiften tillbaka mot sjukintyg, avbokning senast 48 timmar innan.<\/p>\n\n\n\n<p>Vid f\u00f6rhinder har ryttaren r\u00e4tt att s\u00e4tta in annan likv\u00e4rdig ryttare p\u00e5 sin plats.<br><br><strong>Privatlektioner \/ Drop in<\/strong><br>Privatlektioner eller drop-in-pass p\u00e5 egen eller hyrd h\u00e4st avbokas senast 24 timmar innan, lektionen flyttas d\u00e5 till annan tid. Bokade \/ betalade pass ska dock ridas inom 6 m\u00e5nader fr\u00e5n bokningstillf\u00e4llet. F\u00f6r sent eller ej avbokad lektion debiteras med fulla beloppet. \u00c5terbetalning sker endast vid sjukdom mot intyg.<br>Lektionerna faktureras vid bokningstillf\u00e4llet och ska betalas inom 10 dagar.<\/p>\n\n\n\n<p><strong><mark style=\"background-color:rgba(0, 0, 0, 0)\" class=\"has-inline-color has-vivid-red-color\">OBSERVERA ATT RYTTAREN SJ\u00c4LV ANSVARAR F\u00d6R ATT HA EN L\u00c4MPLIG OLYCKSFALLSF\u00d6RS\u00c4KRING. DETTA G\u00c4LLER VID RIDNING B\u00c5DE P\u00c5 LEKTION OCH SOM MEDRYTTARE.<\/mark><\/strong><\/p>\n\n\n\n<figure class=\"wp-block-image size-large\"><img loading=\"lazy\" decoding=\"async\" width=\"681\" height=\"1024\" src=\"https:\/\/media.ryttarutbildning.se\/2024\/03\/DSC6503-681x1024.jpg\" alt=\"\" class=\"wp-image-24673\" srcset=\"https:\/\/media.ryttarutbildning.se\/2024\/03\/DSC6503-681x1024.jpg 681w, https:\/\/media.ryttarutbildning.se\/2024\/03\/DSC6503-200x300.jpg 200w, https:\/\/media.ryttarutbildning.se\/2024\/03\/DSC6503-768x1154.jpg 768w, https:\/\/media.ryttarutbildning.se\/2024\/03\/DSC6503-1022x1536.jpg 1022w, https:\/\/media.ryttarutbildning.se\/2024\/03\/DSC6503-1363x2048.jpg 1363w, https:\/\/media.ryttarutbildning.se\/2024\/03\/DSC6503-scaled.jpg 1703w\" sizes=\"auto, (max-width: 681px) 100vw, 681px\" \/><\/figure>\n","protected":false},"excerpt":{"rendered":"<p>Ridning erbjuds i grupp m\u00e5ndag, tisdag, torsdag och fredag. Grupperna \u00e4r ej niv\u00e5indelade. F\u00f6r att rida i grupp kr\u00e4vs att du rider de flesta h\u00e4star i stadig form, samt rider LA-r\u00f6relser p\u00e5 tr\u00e4ning. Detta f\u00f6r att kunna h\u00e5lla en bra kvalitet p\u00e5 undervisningen samt h\u00e5lla h\u00e4starna p\u00e5 en viss niv\u00e5. V\u00e5rterminen 2026 b\u00f6rjar 12 januari [&hellip;]<\/p>\n","protected":false},"author":1,"featured_media":0,"parent":0,"menu_order":1,"comment_status":"closed","ping_status":"closed","template":"","meta":{"_exactmetrics_skip_tracking":false,"_exactmetrics_sitenote_active":false,"_exactmetrics_sitenote_note":"","_exactmetrics_sitenote_category":0,"footnotes":""},"class_list":["post-24679","page","type-page","status-publish","hentry"],"_links":{"self":[{"href":"https:\/\/ryttarutbildning.se\/index.php?rest_route=\/wp\/v2\/pages\/24679","targetHints":{"allow":["GET"]}}],"collection":[{"href":"https:\/\/ryttarutbildning.se\/index.php?rest_route=\/wp\/v2\/pages"}],"about":[{"href":"https:\/\/ryttarutbildning.se\/index.php?rest_route=\/wp\/v2\/types\/page"}],"author":[{"embeddable":true,"href":"https:\/\/ryttarutbildning.se\/index.php?rest_route=\/wp\/v2\/users\/1"}],"replies":[{"embeddable":true,"href":"https:\/\/ryttarutbildning.se\/index.php?rest_route=%2Fwp%2Fv2%2Fcomments&post=24679"}],"version-history":[{"count":1,"href":"https:\/\/ryttarutbildning.se\/index.php?rest_route=\/wp\/v2\/pages\/24679\/revisions"}],"predecessor-version":[{"id":25650,"href":"https:\/\/ryttarutbildning.se\/index.php?rest_route=\/wp\/v2\/pages\/24679\/revisions\/25650"}],"wp:attachment":[{"href":"https:\/\/ryttarutbildning.se\/index.php?rest_route=%2Fwp%2Fv2%2Fmedia&parent=24679"}],"curies":[{"name":"wp","href":"https:\/\/api.w.org\/{rel}","templated":true}]}}